{"id":9,"date":"2018-12-17T16:04:16","date_gmt":"2018-12-17T16:04:16","guid":{"rendered":"http:\/\/peripato.com.br\/?page_id=9"},"modified":"2020-10-20T13:21:26","modified_gmt":"2020-10-20T16:21:26","slug":"home","status":"publish","type":"page","link":"https:\/\/peripato.com.br\/","title":{"rendered":"Home"},"content":{"rendered":"\t\t<div data-elementor-type=\"wp-post\" data-elementor-id=\"9\" class=\"elementor elementor-9\">\n\t\t\t\t\t\t<section class=\"elementor-section elementor-top-section elementor-element elementor-element-760d0f35 elementor-section-boxed elementor-section-height-default elementor-section-height-default\" data-id=\"760d0f35\" data-element_type=\"section\" data-e-type=\"section\">\n\t\t\t\t\t\t<div class=\"elementor-container elementor-column-gap-default\">\n\t\t\t\t\t<div class=\"elementor-column elementor-col-100 elementor-top-column elementor-element elementor-element-1e2ca659\" data-id=\"1e2ca659\" data-element_type=\"column\" data-e-type=\"column\">\n\t\t\t<div class=\"elementor-widget-wrap elementor-element-populated\">\n\t\t\t\t\t\t<div class=\"elementor-element elementor-element-2547db81 elementor-widget elementor-widget-text-editor\" data-id=\"2547db81\" data-element_type=\"widget\" data-e-type=\"widget\" data-widget_type=\"text-editor.default\">\n\t\t\t\t<div class=\"elementor-widget-container\">\n\t\t\t\t\t\t\t\t\t<p style=\"text-align: center;\">Seja Bem Vindo \u00e0 Peripato e Peripato Administradora e Corretora de Seguros Ltda.\u00a0 Uma empresa com foco na tranquilidade de seus clientes, oferecendo\u00a0 produtos e servi\u00e7os das maiores seguradoras do Pa\u00eds.<\/p><p style=\"text-align: center;\">S\u00f3 a Peripato e Peripato com mais de 20 anos de experi\u00eancia no ramo de Seguros pode lhe oferecer o melhor perfil, com o melhor custo!<\/p><p>\u00a0 \u00a0 \u00a0 \u00a0 \u00a0 \u00a0 \u00a0 \u00a0 \u00a0 \u00a0 \u00a0 \u00a0 \u00a0 \u00a0 \u00a0Aqui voc\u00ea tem a tranquilidade que precisa.<\/p>\t\t\t\t\t\t\t\t<\/div>\n\t\t\t\t<\/div>\n\t\t\t\t\t<\/div>\n\t\t<\/div>\n\t\t\t\t\t<\/div>\n\t\t<\/section>\n\t\t\t\t<\/div>\n\t\t","protected":false},"excerpt":{"rendered":"<p>Seja Bem Vindo \u00e0 Peripato e Peripato Administradora e Corretora de Seguros Ltda.&nbsp; Uma empresa com foco na tranquilidade de seus clientes, oferecendo&nbsp; produtos e servi\u00e7os das maiores seguradoras do Pa\u00eds. S\u00f3 a Peripato e Peripato com mais de 20 anos de experi\u00eancia no ramo de Seguros pode lhe oferecer o melhor perfil, com o &hellip; <\/p>\n<p class=\"link-more\"><a href=\"https:\/\/peripato.com.br\/\" class=\"more-link\">Continue lendo<span class=\"screen-reader-text\"> &#8220;Home&#8221;<\/span><\/a><\/p>\n","protected":false},"author":1,"featured_media":0,"parent":0,"menu_order":0,"comment_status":"closed","ping_status":"closed","template":"","meta":{"footnotes":""},"class_list":["post-9","page","type-page","status-publish","hentry"],"_links":{"self":[{"href":"https:\/\/peripato.com.br\/index.php\/wp-json\/wp\/v2\/pages\/9","targetHints":{"allow":["GET"]}}],"collection":[{"href":"https:\/\/peripato.com.br\/index.php\/wp-json\/wp\/v2\/pages"}],"about":[{"href":"https:\/\/peripato.com.br\/index.php\/wp-json\/wp\/v2\/types\/page"}],"author":[{"embeddable":true,"href":"https:\/\/peripato.com.br\/index.php\/wp-json\/wp\/v2\/users\/1"}],"replies":[{"embeddable":true,"href":"https:\/\/peripato.com.br\/index.php\/wp-json\/wp\/v2\/comments?post=9"}],"version-history":[{"count":5,"href":"https:\/\/peripato.com.br\/index.php\/wp-json\/wp\/v2\/pages\/9\/revisions"}],"predecessor-version":[{"id":123,"href":"https:\/\/peripato.com.br\/index.php\/wp-json\/wp\/v2\/pages\/9\/revisions\/123"}],"wp:attachment":[{"href":"https:\/\/peripato.com.br\/index.php\/wp-json\/wp\/v2\/media?parent=9"}],"curies":[{"name":"wp","href":"https:\/\/api.w.org\/{rel}","templated":true}]}}