{"id":69,"date":"2019-05-31T12:57:17","date_gmt":"2019-05-31T12:57:17","guid":{"rendered":"http:\/\/peripato.com.br\/?page_id=69"},"modified":"2019-05-31T21:39:32","modified_gmt":"2019-05-31T21:39:32","slug":"historia","status":"publish","type":"page","link":"https:\/\/peripato.com.br\/index.php\/historia\/","title":{"rendered":"Hist\u00f3ria"},"content":{"rendered":"\n<p>Tudo se deu in\u00edcio aos meus 15 anos de idade, quando meu irm\u00e3o (Marcos Roberto) havia me apresentado a este mundo dos seguros. \u00c9 uma profiss\u00e3o de quase todos da fam\u00edlia, \u00e9 como uma dinastia familiar.<\/p>\n\n\n\n<p> Comecei desde cedo acompanhando meus familiares em suas reuni\u00f5es e suas visitas aos clientes onde eram apresentadas todas as op\u00e7\u00f5es de companhias de seguros e os seus benef\u00edcios. Quando completei os meus 18 anos, me tornei s\u00f3cia de uma empresa da fam\u00edlia, realizei v\u00e1rios cursos de seguros onde me especializei em sinistro, sou formada em faculdade de direito o que vem me ajudando bastante nos atendimentos aos clientes.<\/p>\n\n\n\n<p>Em 2011 abri minha pr\u00f3pria empresa PERIPATO &amp; PERIPATO ADM. CORRETORA DE SEGUROS, com uma equipe formada e sempre \u00e0 disposi\u00e7\u00e3o para melhor atendimento aos clientes. Recentemente abrimos uma filial na cidade de Porto Ferreira onde o maior desejo \u00e9 expandir o neg\u00f3cio alcan\u00e7ando novos clientes abrindo novos horizontes e levando o nome PERIPATO &amp; PERIPATO CORRETORA DE SEGUROS. Estamos sempre buscando um diferencial para oferecer aos nossos clientes. <\/p>\n\n\n\n<p><\/p>\n","protected":false},"excerpt":{"rendered":"<p>Tudo se deu in\u00edcio aos meus 15 anos de idade, quando meu irm\u00e3o (Marcos Roberto) havia me apresentado a este mundo dos seguros. \u00c9 uma profiss\u00e3o de quase todos da fam\u00edlia, \u00e9 como uma dinastia familiar. Comecei desde cedo acompanhando meus familiares em suas reuni\u00f5es e suas visitas aos clientes onde eram apresentadas todas as &hellip; <\/p>\n<p class=\"link-more\"><a href=\"https:\/\/peripato.com.br\/index.php\/historia\/\" class=\"more-link\">Continue lendo<span class=\"screen-reader-text\"> &#8220;Hist\u00f3ria&#8221;<\/span><\/a><\/p>\n","protected":false},"author":1,"featured_media":0,"parent":0,"menu_order":0,"comment_status":"closed","ping_status":"closed","template":"","meta":{"footnotes":""},"class_list":["post-69","page","type-page","status-publish","hentry"],"_links":{"self":[{"href":"https:\/\/peripato.com.br\/index.php\/wp-json\/wp\/v2\/pages\/69","targetHints":{"allow":["GET"]}}],"collection":[{"href":"https:\/\/peripato.com.br\/index.php\/wp-json\/wp\/v2\/pages"}],"about":[{"href":"https:\/\/peripato.com.br\/index.php\/wp-json\/wp\/v2\/types\/page"}],"author":[{"embeddable":true,"href":"https:\/\/peripato.com.br\/index.php\/wp-json\/wp\/v2\/users\/1"}],"replies":[{"embeddable":true,"href":"https:\/\/peripato.com.br\/index.php\/wp-json\/wp\/v2\/comments?post=69"}],"version-history":[{"count":5,"href":"https:\/\/peripato.com.br\/index.php\/wp-json\/wp\/v2\/pages\/69\/revisions"}],"predecessor-version":[{"id":120,"href":"https:\/\/peripato.com.br\/index.php\/wp-json\/wp\/v2\/pages\/69\/revisions\/120"}],"wp:attachment":[{"href":"https:\/\/peripato.com.br\/index.php\/wp-json\/wp\/v2\/media?parent=69"}],"curies":[{"name":"wp","href":"https:\/\/api.w.org\/{rel}","templated":true}]}}