{"id":10,"date":"2018-12-17T16:04:16","date_gmt":"2018-12-17T16:04:16","guid":{"rendered":"http:\/\/peripato.com.br\/?page_id=10"},"modified":"2019-05-31T22:03:25","modified_gmt":"2019-05-31T22:03:25","slug":"about","status":"publish","type":"page","link":"https:\/\/peripato.com.br\/index.php\/about\/","title":{"rendered":"Sobre"},"content":{"rendered":"<p>A PERIPATO &amp; PERIPATO ADM. CORRETORA DE SEGUROS j\u00e1 atua no mercado h\u00e1 8 anos.<\/p>\n<p>Trabalhamos com todas as companhias de seguros e analisamos a melhor situa\u00e7\u00e3o para cada cliente de acordo com sua necessidade.<\/p>\n<p>Temos parceria com as melhores companhias do mercado e nosso atendimento \u00e9 formado por profissionais especializados que est\u00e3o sempre preparados para prestar assessoria aos nossos clientes em todo o processo, sempre dispostos a ajudar da melhor forma, seja cota\u00e7\u00e3o, contrata\u00e7\u00e3o, renova\u00e7\u00e3o ou sinistro.<\/p>\n","protected":false},"excerpt":{"rendered":"<p>A PERIPATO &amp; PERIPATO ADM. CORRETORA DE SEGUROS j\u00e1 atua no mercado h\u00e1 8 anos. Trabalhamos com todas as companhias de seguros e analisamos a melhor situa\u00e7\u00e3o para cada cliente de acordo com sua necessidade. Temos parceria com as melhores companhias do mercado e nosso atendimento \u00e9 formado por profissionais especializados que est\u00e3o sempre preparados &hellip; <\/p>\n<p class=\"link-more\"><a href=\"https:\/\/peripato.com.br\/index.php\/about\/\" class=\"more-link\">Continue lendo<span class=\"screen-reader-text\"> &#8220;Sobre&#8221;<\/span><\/a><\/p>\n","protected":false},"author":1,"featured_media":125,"parent":0,"menu_order":0,"comment_status":"closed","ping_status":"closed","template":"","meta":{"footnotes":""},"class_list":["post-10","page","type-page","status-publish","has-post-thumbnail","hentry"],"_links":{"self":[{"href":"https:\/\/peripato.com.br\/index.php\/wp-json\/wp\/v2\/pages\/10","targetHints":{"allow":["GET"]}}],"collection":[{"href":"https:\/\/peripato.com.br\/index.php\/wp-json\/wp\/v2\/pages"}],"about":[{"href":"https:\/\/peripato.com.br\/index.php\/wp-json\/wp\/v2\/types\/page"}],"author":[{"embeddable":true,"href":"https:\/\/peripato.com.br\/index.php\/wp-json\/wp\/v2\/users\/1"}],"replies":[{"embeddable":true,"href":"https:\/\/peripato.com.br\/index.php\/wp-json\/wp\/v2\/comments?post=10"}],"version-history":[{"count":4,"href":"https:\/\/peripato.com.br\/index.php\/wp-json\/wp\/v2\/pages\/10\/revisions"}],"predecessor-version":[{"id":122,"href":"https:\/\/peripato.com.br\/index.php\/wp-json\/wp\/v2\/pages\/10\/revisions\/122"}],"wp:featuredmedia":[{"embeddable":true,"href":"https:\/\/peripato.com.br\/index.php\/wp-json\/wp\/v2\/media\/125"}],"wp:attachment":[{"href":"https:\/\/peripato.com.br\/index.php\/wp-json\/wp\/v2\/media?parent=10"}],"curies":[{"name":"wp","href":"https:\/\/api.w.org\/{rel}","templated":true}]}}